{"id":325,"date":"2021-01-25T11:25:57","date_gmt":"2021-01-25T11:25:57","guid":{"rendered":"http:\/\/kreativwerkstatt-sgier.de\/startseite\/?page_id=325"},"modified":"2021-02-25T10:57:40","modified_gmt":"2021-02-25T10:57:40","slug":"startseite-2","status":"publish","type":"page","link":"https:\/\/kreativwerkstatt-sgier.de\/startseite\/","title":{"rendered":"Willkommen bei der Kreativwerkstatt Johannes Sgier"},"content":{"rendered":"\n<p>Es freut mich sehr, Sie auf meiner Homepage f\u00fcr Grafikdesign begr\u00fc\u00dfen zu d\u00fcrfen. Sie ben\u00f6tigen Unterst\u00fctzung bei der Gestaltung Ihres Unternehmensauftritts oder einzelner Marketingaufgaben? Oder ben\u00f6tigen Sie einfach nur Hilfe bei der Gestaltung und dem Druck von Flyer und Plakaten f\u00fcr Ihre Firma oder Ihren Verein?<br>Ich unterst\u00fctze Sie gerne im Bereich des Grafikdesigns oder bei einem professionellen Auftritt nach au\u00dfen. Gerne stehe ich f\u00fcr die Entwicklung einer Corporate Identity Ihrer Firma oder auch die Unterst\u00fctzung bei kleinen Projekten bereit.<\/p>\n\n\n\n<figure class=\"wp-block-image size-large\"><img loading=\"lazy\" width=\"1024\" height=\"678\" src=\"http:\/\/kreativwerkstatt-sgier.de\/wp-content\/uploads\/2014\/02\/DSC_0137-1024x678.jpg\" alt=\"\" class=\"wp-image-322\" srcset=\"https:\/\/kreativwerkstatt-sgier.de\/wp-content\/uploads\/2014\/02\/DSC_0137-1024x678.jpg 1024w, https:\/\/kreativwerkstatt-sgier.de\/wp-content\/uploads\/2014\/02\/DSC_0137-300x199.jpg 300w, https:\/\/kreativwerkstatt-sgier.de\/wp-content\/uploads\/2014\/02\/DSC_0137-768x509.jpg 768w, https:\/\/kreativwerkstatt-sgier.de\/wp-content\/uploads\/2014\/02\/DSC_0137-1536x1017.jpg 1536w, https:\/\/kreativwerkstatt-sgier.de\/wp-content\/uploads\/2014\/02\/DSC_0137-2048x1356.jpg 2048w, https:\/\/kreativwerkstatt-sgier.de\/wp-content\/uploads\/2014\/02\/DSC_0137-850x563.jpg 850w\" sizes=\"(max-width: 1024px) 100vw, 1024px\" \/><\/figure>\n","protected":false},"excerpt":{"rendered":"<p>Es freut mich sehr, Sie auf meiner Homepage f\u00fcr Grafikdesign begr\u00fc\u00dfen zu d\u00fcrfen. Sie ben\u00f6tigen Unterst\u00fctzung bei der Gestaltung Ihres Unternehmensauftritts oder einzelner Marketingaufgaben? Oder ben\u00f6tigen Sie einfach nur Hilfe bei der Gestaltung und dem Druck von Flyer und Plakaten<\/p>\n","protected":false},"author":1,"featured_media":0,"parent":0,"menu_order":0,"comment_status":"closed","ping_status":"closed","template":"","meta":[],"_links":{"self":[{"href":"https:\/\/kreativwerkstatt-sgier.de\/startseite\/wp-json\/wp\/v2\/pages\/325"}],"collection":[{"href":"https:\/\/kreativwerkstatt-sgier.de\/startseite\/wp-json\/wp\/v2\/pages"}],"about":[{"href":"https:\/\/kreativwerkstatt-sgier.de\/startseite\/wp-json\/wp\/v2\/types\/page"}],"author":[{"embeddable":true,"href":"https:\/\/kreativwerkstatt-sgier.de\/startseite\/wp-json\/wp\/v2\/users\/1"}],"replies":[{"embeddable":true,"href":"https:\/\/kreativwerkstatt-sgier.de\/startseite\/wp-json\/wp\/v2\/comments?post=325"}],"version-history":[{"count":7,"href":"https:\/\/kreativwerkstatt-sgier.de\/startseite\/wp-json\/wp\/v2\/pages\/325\/revisions"}],"predecessor-version":[{"id":599,"href":"https:\/\/kreativwerkstatt-sgier.de\/startseite\/wp-json\/wp\/v2\/pages\/325\/revisions\/599"}],"wp:attachment":[{"href":"https:\/\/kreativwerkstatt-sgier.de\/startseite\/wp-json\/wp\/v2\/media?parent=325"}],"curies":[{"name":"wp","href":"https:\/\/api.w.org\/{rel}","templated":true}]}}