{"id":229,"date":"2018-03-22T06:23:52","date_gmt":"2018-03-22T06:23:52","guid":{"rendered":"https:\/\/demo.themegrill.com\/radiate\/?page_id=229"},"modified":"2021-04-15T10:35:34","modified_gmt":"2021-04-15T10:35:34","slug":"kontakt","status":"publish","type":"page","link":"https:\/\/kreativwerkstatt-sgier.de\/startseite\/kontakt","title":{"rendered":"Kontakt"},"content":{"rendered":"<p>F\u00fcr Angebote und Nachfragen stehe ich Ihnen gerne zur Verf\u00fcgung<\/p>\n<div class=\"wpforms-container wpforms-container-full\" id=\"wpforms-436\"><form id=\"wpforms-form-436\" class=\"wpforms-validate wpforms-form\" data-formid=\"436\" method=\"post\" enctype=\"multipart\/form-data\" action=\"\/startseite\/wp-json\/wp\/v2\/pages\/229\" data-token=\"e45940c9c32a7c963b7616f8e1f79018\"><noscript class=\"wpforms-error-noscript\">Bitte aktiviere JavaScript in deinem Browser, um dieses Formular fertigzustellen.<\/noscript><div class=\"wpforms-field-container\"><div id=\"wpforms-436-field_0-container\" class=\"wpforms-field wpforms-field-name\" data-field-id=\"0\"><label class=\"wpforms-field-label\" for=\"wpforms-436-field_0\">Name <span class=\"wpforms-required-label\">*<\/span><\/label><div class=\"wpforms-field-row wpforms-field-medium\"><div class=\"wpforms-field-row-block wpforms-first wpforms-one-half\"><input type=\"text\" id=\"wpforms-436-field_0\" class=\"wpforms-field-name-first wpforms-field-required\" name=\"wpforms[fields][0][first]\" required><label for=\"wpforms-436-field_0\" class=\"wpforms-field-sublabel after \">Vorname<\/label><\/div><div class=\"wpforms-field-row-block wpforms-one-half\"><input type=\"text\" id=\"wpforms-436-field_0-last\" class=\"wpforms-field-name-last wpforms-field-required\" name=\"wpforms[fields][0][last]\" required><label for=\"wpforms-436-field_0-last\" class=\"wpforms-field-sublabel after \">Nachname<\/label><\/div><\/div><\/div><div id=\"wpforms-436-field_1-container\" class=\"wpforms-field wpforms-field-email\" data-field-id=\"1\"><label class=\"wpforms-field-label\" for=\"wpforms-436-field_1\">E-Mail <span class=\"wpforms-required-label\">*<\/span><\/label><input type=\"email\" id=\"wpforms-436-field_1\" class=\"wpforms-field-medium wpforms-field-required\" name=\"wpforms[fields][1]\" required><\/div><div id=\"wpforms-436-field_5-container\" class=\"wpforms-field wpforms-field-text\" data-field-id=\"5\"><label class=\"wpforms-field-label\" for=\"wpforms-436-field_5\">Telefon<\/label><input type=\"text\" id=\"wpforms-436-field_5\" class=\"wpforms-field-medium\" name=\"wpforms[fields][5]\" ><\/div><div id=\"wpforms-436-field_2-container\" class=\"wpforms-field wpforms-field-textarea\" data-field-id=\"2\"><label class=\"wpforms-field-label\" for=\"wpforms-436-field_2\">Kommentar oder Nachricht <span class=\"wpforms-required-label\">*<\/span><\/label><textarea id=\"wpforms-436-field_2\" class=\"wpforms-field-medium wpforms-field-required\" name=\"wpforms[fields][2]\" required><\/textarea><\/div><\/div><div class=\"wpforms-field wpforms-field-hp\"><label for=\"wpforms-436-field-hp\" class=\"wpforms-field-label\">Phone<\/label><input type=\"text\" name=\"wpforms[hp]\" id=\"wpforms-436-field-hp\" class=\"wpforms-field-medium\"><\/div><div class=\"wpforms-recaptcha-container wpforms-is-recaptcha\" ><div class=\"g-recaptcha\" data-sitekey=\"6LfWYcgaAAAAAOAuKK5O4s_RsFaKbjVEMw5IkOii\"><\/div><input type=\"text\" name=\"g-recaptcha-hidden\" class=\"wpforms-recaptcha-hidden\" style=\"position:absolute!important;clip:rect(0,0,0,0)!important;height:1px!important;width:1px!important;border:0!important;overflow:hidden!important;padding:0!important;margin:0!important;\" required><\/div><div class=\"wpforms-submit-container\" ><input type=\"hidden\" name=\"wpforms[id]\" value=\"436\"><input type=\"hidden\" name=\"wpforms[author]\" value=\"1\"><button type=\"submit\" name=\"wpforms[submit]\" class=\"wpforms-submit \" id=\"wpforms-submit-436\" value=\"wpforms-submit\" aria-live=\"assertive\" data-alt-text=\"Senden...\" data-submit-text=\"Absenden\">Absenden<\/button><\/div><\/form><\/div>  <!-- .wpforms-container -->\n<p>* Pflichtfelder<\/p>\n<p><strong>Johannes Sgier<\/strong><\/p>\n<p>Zollstra\u00dfe 22\/1<br>D-88299 Leutkirch i. A.<\/p>\n<p>Email: info[at]kreativwerkstatt-sgier.de<\/p>\n\n\n<p><\/p>\n","protected":false},"excerpt":{"rendered":"<p>F\u00fcr Angebote und Nachfragen stehe ich Ihnen gerne zur Verf\u00fcgung * Pflichtfelder Johannes Sgier Zollstra\u00dfe 22\/1D-88299 Leutkirch i. A. Email: info[at]kreativwerkstatt-sgier.de<\/p>\n","protected":false},"author":1,"featured_media":0,"parent":0,"menu_order":0,"comment_status":"closed","ping_status":"closed","template":"elementor_theme","meta":[],"_links":{"self":[{"href":"https:\/\/kreativwerkstatt-sgier.de\/startseite\/wp-json\/wp\/v2\/pages\/229"}],"collection":[{"href":"https:\/\/kreativwerkstatt-sgier.de\/startseite\/wp-json\/wp\/v2\/pages"}],"about":[{"href":"https:\/\/kreativwerkstatt-sgier.de\/startseite\/wp-json\/wp\/v2\/types\/page"}],"author":[{"embeddable":true,"href":"https:\/\/kreativwerkstatt-sgier.de\/startseite\/wp-json\/wp\/v2\/users\/1"}],"replies":[{"embeddable":true,"href":"https:\/\/kreativwerkstatt-sgier.de\/startseite\/wp-json\/wp\/v2\/comments?post=229"}],"version-history":[{"count":7,"href":"https:\/\/kreativwerkstatt-sgier.de\/startseite\/wp-json\/wp\/v2\/pages\/229\/revisions"}],"predecessor-version":[{"id":706,"href":"https:\/\/kreativwerkstatt-sgier.de\/startseite\/wp-json\/wp\/v2\/pages\/229\/revisions\/706"}],"wp:attachment":[{"href":"https:\/\/kreativwerkstatt-sgier.de\/startseite\/wp-json\/wp\/v2\/media?parent=229"}],"curies":[{"name":"wp","href":"https:\/\/api.w.org\/{rel}","templated":true}]}}